{"id":25,"date":"2016-03-24T18:38:03","date_gmt":"2016-03-24T18:38:03","guid":{"rendered":"https:\/\/wwwaie.webs.upc.edu\/maema\/?page_id=25"},"modified":"2022-10-13T16:23:19","modified_gmt":"2022-10-13T16:23:19","slug":"syllabus","status":"publish","type":"page","link":"https:\/\/aie.upc.edu\/maema\/syllabus\/","title":{"rendered":"programa"},"content":{"rendered":"<p>La l\u00ednia &#8220;<strong>Arquitectura, Energia i Medi Ambient<\/strong>&#8221; del M\u00e0ster Universitari en Estudis Avan\u00e7ats en Arquitectura-Barcelona t\u00e9 una duraci\u00f3 d&#8217;un curs acad\u00e8mic, durant el que <strong>s&#8217;imparteixen 60 ECTS.<\/strong><\/p>\n<h3><a href=\"https:\/\/wwwaie.webs.upc.edu\/maema\/wp-content\/uploads\/2016\/03\/1_MBArch_brochure-aiem.pdf\" target=\"_blank\" rel=\"noopener\">Master AiEM: m\u00e9s informaci\u00f3<\/a><\/h3>\n<table width=\"100%\">\n<tbody>\n<tr>\n<td colspan=\"4\" width=\"98%\"><strong>TARDOR\u00a0 \u00a0 \u00a0 \u00a0 \u00a0 \u00a0 \u00a0 \u00a0 \u00a0 \u00a0 \u00a0 \u00a0 \u00a0 \u00a0 \u00a0 \u00a0 \u00a0 \u00a01er QUADRIMESTRE<\/strong><\/td>\n<td width=\"0%\">\u00a0<\/td>\n<\/tr>\n<tr>\n<td width=\"7%\"><strong>CODI<\/strong><\/td>\n<td width=\"45%\"><strong>ASSIGNATURA<\/strong><\/td>\n<td width=\"10%\"><strong>ECTS<\/strong><\/td>\n<td width=\"34%\"><strong>PROFESSOR<\/strong><\/td>\n<td width=\"0%\">\u00a0<\/td>\n<\/tr>\n<tr>\n<td width=\"7%\">\u00a0210703<\/td>\n<td width=\"45%\">ARQUITECTURA, TEORIA I CRITICA<\/td>\n<td width=\"10%\">5<\/td>\n<td colspan=\"2\" width=\"34%\">A. Isalgu\u00e9 \/ A. Pag\u00e8s \/ H. Coch \/<\/td>\n<\/tr>\n<tr>\n<td width=\"7%\">\u00a0210701<\/td>\n<td width=\"45%\">ARQUITECTURA, MEDI AMBIENT I TECNOLOGIA<\/td>\n<td width=\"10%\">5<\/td>\n<td colspan=\"2\" width=\"34%\">A. Pag\u00e8s \/ H. Coch \/ A. Isalgu\u00e9<\/td>\n<\/tr>\n<tr>\n<td width=\"7%\">\u00a0210702<\/td>\n<td width=\"45%\">ARQUITECTURA, CIUTAT I PROJECTE<\/td>\n<td width=\"10%\">5<\/td>\n<td colspan=\"2\" width=\"34%\">H. Coch \/ A. Pag\u00e8s \/ A. Isalgu\u00e9<\/td>\n<\/tr>\n<tr>\n<td width=\"7%\">210738<\/td>\n<td width=\"45%\">ESPAI I LLUM<\/td>\n<td width=\"10%\">5<\/td>\n<td colspan=\"2\" width=\"34%\">I. Crespo \/ H. Coch \/ A. Rogora<\/td>\n<\/tr>\n<tr>\n<td width=\"7%\">210739<\/td>\n<td width=\"45%\">IMPACTE AMBIENTAL DE L&#8217;ARQUITECTURA<\/td>\n<td width=\"10%\">5<\/td>\n<td colspan=\"2\" width=\"34%\">A. Cuch\u00ed<\/td>\n<\/tr>\n<tr>\n<td width=\"7%\">210740<\/td>\n<td width=\"45%\">AC\u00daSTICA EN L\u2019ARQUITECTURA<\/td>\n<td width=\"10%\">5<\/td>\n<td colspan=\"2\" width=\"34%\">C. Alonso \/ H. Coch<\/td>\n<\/tr>\n<tr>\n<td colspan=\"4\" width=\"98%\">\n<p><strong>\u00a0<\/strong><\/p>\n<p><strong>PRIMAVERA<\/strong>\u00a0 \u00a0 \u00a0 \u00a0 \u00a0 \u00a0<strong>\u00a0 \u00a0 \u00a0 \u00a0 \u00a0 \u00a0 \u00a0 \u00a02n QUADRIMESTRE<\/strong><\/p>\n<\/td>\n<td width=\"0%\">\u00a0<\/td>\n<\/tr>\n<tr>\n<td width=\"7%\"><strong>CODI<\/strong><\/td>\n<td width=\"45%\"><strong>ASSIGNATURA<\/strong><\/td>\n<td width=\"10%\"><strong>ECTS<\/strong><\/td>\n<td width=\"34%\"><strong>PROFESSOR<\/strong><\/td>\n<td width=\"0%\">\u00a0<\/td>\n<\/tr>\n<tr>\n<td width=\"7%\">210742<\/td>\n<td width=\"45%\">AVALUACI\u00d3 AMBIENTAL ARQUITECT\u00d3NICA<\/td>\n<td width=\"10%\">5<\/td>\n<td width=\"34%\">C. Alonso<\/td>\n<td width=\"0%\">\u00a0<\/td>\n<\/tr>\n<tr>\n<td width=\"7%\">210741<\/td>\n<td width=\"45%\">ENERGIA I CONFORT A L\u2019ARQUITECTURA<\/td>\n<td width=\"10%\">5<\/td>\n<td width=\"34%\">J. L\u00f3pez \/ A. Isalgu\u00e9<\/td>\n<td width=\"0%\">\u00a0<\/td>\n<\/tr>\n<tr>\n<td width=\"7%\">210743<\/td>\n<td width=\"45%\">ARQUITECTURA: VISIONS DEL \u00a0PROJECTE<\/td>\n<td width=\"10%\">5<\/td>\n<td width=\"34%\">\u00a0A. Pag\u00e8s \/ A. Salvati<\/td>\n<td width=\"0%\">\u00a0<\/td>\n<\/tr>\n<tr>\n<td width=\"7%\">210775<\/td>\n<td width=\"45%\">TREBALL FINAL DE MASTER<\/td>\n<td width=\"10%\">15<\/td>\n<td width=\"34%\">\u00a0Tots els professors<\/td>\n<td width=\"0%\">\u00a0<\/td>\n<\/tr>\n<\/tbody>\n<\/table>\n<div>\u00a0<\/div>\n<div class=\"\"><a href=\"https:\/\/etsab.upc.edu\/ca\/shared\/b-estudis\/pdf\/mbarch\/calendari-academic\/calendari-academic-mbarch-2018-19.pdf\" target=\"_blank\" rel=\"noopener\">Calendari acad\u00e8mic<\/a><\/div>\n<div class=\"\">Horaris del primer semestre<\/div>\n<div class=\"\">Horaris del segon semestre<\/div>\n<div class=\"\">\u00a0<\/div>\n","protected":false},"excerpt":{"rendered":"<p>La l\u00ednia &#8220;<strong>Arquitectura, Energia i Medi Ambient<\/strong>&#8221; del M\u00e0ster Universitari en Estudis Avan\u00e7ats en Arquitectura-Barcelona t\u00e9 una duraci\u00f3 d&#8217;un curs acad\u00e8mic, durant el que <strong>s&#8217;imparteixen 60 ECTS.<\/strong><\/p>\n<h3><a href=\"https:\/...\n<\/p>\n","protected":false},"author":8,"featured_media":0,"parent":0,"menu_order":0,"comment_status":"closed","ping_status":"closed","template":"","meta":{"_monsterinsights_skip_tracking":false,"_monsterinsights_sitenote_active":false,"_monsterinsights_sitenote_note":"","_monsterinsights_sitenote_category":0,"footnotes":""},"class_list":["post-25","page","type-page","status-publish","hentry"],"jetpack_sharing_enabled":true,"jetpack_shortlink":"https:\/\/wp.me\/P7oi36-p","jetpack-related-posts":[],"_links":{"self":[{"href":"https:\/\/aie.upc.edu\/maema\/wp-json\/wp\/v2\/pages\/25","targetHints":{"allow":["GET"]}}],"collection":[{"href":"https:\/\/aie.upc.edu\/maema\/wp-json\/wp\/v2\/pages"}],"about":[{"href":"https:\/\/aie.upc.edu\/maema\/wp-json\/wp\/v2\/types\/page"}],"author":[{"embeddable":true,"href":"https:\/\/aie.upc.edu\/maema\/wp-json\/wp\/v2\/users\/8"}],"replies":[{"embeddable":true,"href":"https:\/\/aie.upc.edu\/maema\/wp-json\/wp\/v2\/comments?post=25"}],"version-history":[{"count":115,"href":"https:\/\/aie.upc.edu\/maema\/wp-json\/wp\/v2\/pages\/25\/revisions"}],"predecessor-version":[{"id":1174,"href":"https:\/\/aie.upc.edu\/maema\/wp-json\/wp\/v2\/pages\/25\/revisions\/1174"}],"wp:attachment":[{"href":"https:\/\/aie.upc.edu\/maema\/wp-json\/wp\/v2\/media?parent=25"}],"curies":[{"name":"wp","href":"https:\/\/api.w.org\/{rel}","templated":true}]}}