{"id":35,"date":"2016-03-24T18:43:00","date_gmt":"2016-03-24T18:43:00","guid":{"rendered":"https:\/\/wwwaie.webs.upc.edu\/maema\/?page_id=35"},"modified":"2022-10-18T15:13:47","modified_gmt":"2022-10-18T15:13:47","slug":"team","status":"publish","type":"page","link":"https:\/\/aie.upc.edu\/maema\/team\/","title":{"rendered":"equip"},"content":{"rendered":"<p><span style=\"color: #000000;\">Coch Roura, Helena.<\/span> \u00a0\u00a0 <span style=\"color: #800000;\"><em><span style=\"color: #003300;\">\u200bhelena.coch@upc.edu<\/span><\/em>\u00a0\u00a0\u00a0\u00a0\u00a0 <span style=\"color: #000000;\"><a href=\"http:\/\/futur.upc.edu\/HelenaCochRoura\" target=\"_blank\" rel=\"noopener\">+inf \u00bb<\/a><\/span><\/span><br \/>\nDoctora Arquitecta.\u00a0 Departament de Tecnologia de l&#8217;Arquitectura(UPC)\u00a0\u00a0 <a href=\"http:\/\/directori.upc.edu\/directori\/dadesPersona.jsp?id=1002583\" target=\"_blank\" rel=\"noopener\">\u00bb\u00bb<\/a><\/p>\n<p><span style=\"color: #000000;\">Isalgu\u00e9 Buxeda,<\/span> Antonio.\u00a0\u00a0 <span style=\"color: #003300;\"><em>antonio.isalgue@upc.edu<\/em>\u00a0\u00a0\u00a0 <span style=\"color: #800000;\"><span style=\"color: #000000;\"><a href=\"http:\/\/futur.upc.edu\/AntonioIsalgueBuxeda\" target=\"_blank\" rel=\"noopener\">+inf \u00bb<\/a><\/span><\/span><\/span><br \/>\nDoctor en Ci\u00e8ncias F\u00edsiques.\u00a0 Departament de F\u00edsica (UPC)\u00a0\u00a0 <a href=\"http:\/\/directori.upc.edu\/directori\/dadesPersona.jsp?id=1000953\" target=\"_blank\" rel=\"noopener\">\u00bb\u00bb<\/a><\/p>\n<p><span style=\"color: #000000;\">Crespo Cabillo,<\/span> Isabel.\u00a0\u00a0\u00a0\u00a0 <em><span style=\"color: #003300;\">isabel.crespo@upc.edu<\/span><\/em>\u00a0\u00a0\u00a0<span style=\"color: #003300;\"><span style=\"color: #800000;\"> <span style=\"color: #000000;\"><a href=\"http:\/\/futur.upc.edu\/IsabelCrespoCabillo\" target=\"_blank\" rel=\"noopener\">+inf \u00bb<\/a><\/span><\/span><\/span><br \/>\nDoctora Arquitecta.\u00a0 Departament d&#8217;Expressi\u00f3 Gr\u00e0fica Arquiect\u00f2nica I (UPC)\u00a0\u00a0 <a href=\"http:\/\/directori.upc.edu\/directori\/dadesPersona.jsp?id=1000071\" target=\"_blank\" rel=\"noopener\">\u00bb\u00bb<\/a><\/p>\n<p>Pag\u00e8s Ramon, Anna.\u00a0\u00a0\u00a0\u00a0 <em>anna.pages@upc.edu<\/em>\u00a0\u00a0\u00a0\u00a0\u00a0\u00a0 <span style=\"color: #003300;\"><span style=\"color: #800000;\"><span style=\"color: #000000;\"><a href=\"http:\/\/futur.upc.edu\/AnnaPagesRamon\" target=\"_blank\" rel=\"noopener\">+inf \u00bb<\/a><\/span><\/span><\/span><br \/>\nDoctora Arquitecta.\u00a0 Departament de Tecnologia de l&#8217;Arquitectura(UPC)\u00a0 <a href=\"http:\/\/directori.upc.edu\/directori\/dadesPersona.jsp?id=1047601\" target=\"_blank\" rel=\"noopener\">\u00bb\u00bb<\/a><\/p>\n<p>Cuch\u00ed Burgos, Albert.\u00a0\u00a0 <em><span style=\"color: #003300;\">alberto.cuchi@upc.edu<\/span><\/em>\u00a0\u00a0\u00a0 <span style=\"color: #003300;\"><span style=\"color: #800000;\"><span style=\"color: #000000;\"><a href=\"http:\/\/futur.upc.edu\/AlbertoCuchiBurgos\" target=\"_blank\" rel=\"noopener\">+inf \u00bb<\/a><\/span><\/span><\/span><br \/>\nDoctor Arquitecte. \u200b Departament de Tecnologia de l&#8217;Arquitectura(UPC)\u00a0\u00a0 <a href=\"http:\/\/directori.upc.edu\/directori\/dadesPersona.jsp?id=1000265\" target=\"_blank\" rel=\"noopener\">\u00bb\u00bb<\/a><\/p>\n<p>Beckers, Benoit.\u00a0\u00a0<em><span style=\"color: #003300;\"> benoit.beckers@utc.fr\u00a0\u00a0\u00a0\u00a0 <\/span><\/em><span style=\"color: #003300;\"><span style=\"color: #800000;\"><span style=\"color: #000000;\"><a href=\"http:\/\/www.heliodon.net\/downloads\/CV_Benoit_BECKERS_en_2014-08-13.pdf\" target=\"_blank\" rel=\"noopener\">+inf \u00bb<\/a><\/span><\/span><\/span><br \/>\nDoctor Enginyer.\u00a0 Dept G\u00e9nie des Syst\u00e8mes Urbains. Universit\u00e9 de Technologie de Compi\u00e8gne\u00a0\u00a0 <a href=\"https:\/\/www.utc.fr\/utc.html\" target=\"_blank\" rel=\"noopener\">\u00bb\u00bb<\/a><\/p>\n<p>Garc\u00eda Gil, Manuel. \u00a0\u00a0 <span style=\"color: #003300;\"><em>manuel.garcia.gil@upc.edu\u00a0\u00a0\u00a0\u00a0\u00a0\u00a0 <\/em><span style=\"color: #800000;\"><span style=\"color: #000000;\"><a href=\"http:\/\/futur.upc.edu\/ManuelGarciaGil\" target=\"_blank\" rel=\"noopener\">+inf \u00bb<\/a><\/span><\/span><\/span><br \/>\nDoctor Enginyer Industrial. Departament de Projectes de l&#8217;Enginyeria(UPC)\u00a0\u00a0 <a href=\"http:\/\/directori.upc.edu\/directori\/dadesPersona.jsp?id=1122699\" target=\"_blank\" rel=\"noopener\">\u00bb\u00bb<\/a><\/p>\n<p>Pardal March, Cristina.\u00a0\u00a0\u00a0\u00a0 <em>cristina.pardal@upc.edu<\/em>\u00a0\u00a0\u00a0\u00a0\u00a0\u00a0 <span style=\"color: #003300;\"><span style=\"color: #800000;\"><span style=\"color: #000000;\"><a href=\"http:\/\/futur.upc.edu\/CristinaPardalMarch\" target=\"_blank\" rel=\"noopener\">+inf \u00bb<\/a><\/span><\/span><\/span><br \/>\nDoctora Arquitecta. Departament de Tecnologia de l&#8217;Arquitectura(UPC)\u00a0\u00a0 <a href=\"http:\/\/directori.upc.edu\/directori\/dadesPersona.jsp?id=1003394\" target=\"_blank\" rel=\"noopener\">\u00bb\u00bb<\/a><\/p>\n<p>Alonso Montolio, Carlos.\u00a0\u00a0\u00a0\u00a0 <em>carlos.alonso-montolio@upc.edu<\/em>\u00a0\u00a0\u00a0\u00a0\u00a0\u00a0 <span style=\"color: #003300;\"><span style=\"color: #800000;\"><span style=\"color: #000000;\"><a href=\"http:\/\/futur.upc.edu\/CarlosAlonsoMontolio\" target=\"_blank\" rel=\"noopener\">+inf \u00bb<\/a><\/span><\/span><\/span><br \/>\nDoctor Arquitecte. Departament de Tecnologia de l&#8217;Arquitectura(UPC)\u00a0\u00a0 <a href=\"http:\/\/directori.upc.edu\/directori\/dadesPersona.jsp?id=1063348\" target=\"_blank\" rel=\"noopener\">\u00bb\u00bb<\/a><\/p>\n<p>L\u00f3pez Besora, Judit.\u00a0\u00a0\u00a0\u00a0 <em>judit.lopez.besora@upc.edu<\/em>\u00a0\u00a0\u00a0\u00a0\u00a0\u00a0 <span style=\"color: #003300;\"><span style=\"color: #800000;\"><span style=\"color: #000000;\"><a href=\"http:\/\/futur.upc.edu\/JuditLopezBesora\" target=\"_blank\" rel=\"noopener\">+inf \u00bb<\/a><\/span><\/span><\/span><br \/>\nDoctora Arquitecta. Departament de Tecnologia de l&#8217;Arquitectura(UPC)\u00a0\u00a0 <a href=\"http:\/\/directori.upc.edu\/directori\/dadesPersona.jsp?id=1142253\" target=\"_blank\" rel=\"noopener\">\u00bb\u00bb<\/a><\/p>\n<p>Salvati, Agnese.\u00a0\u00a0\u00a0\u00a0 <em>agnese.salvati@upc.edu<\/em>\u00a0 \u00a0 \u00a0 \u00a0 <span style=\"color: #003300;\"><span style=\"color: #800000;\"><span style=\"color: #000000;\"><a href=\"https:\/\/futur.upc.edu\/AgneseSalvati\" target=\"_blank\" rel=\"noopener\">+inf \u00bb<\/a><\/span><\/span><\/span><br \/>\nDoctora Enginyera. Departament de Tecnologia de l&#8217;Arquitectura(UPC) <a href=\"https:\/\/directori.upc.edu\/directori\/dadesPersona.jsp?id=1188090\" target=\"_blank\" rel=\"noopener\">\u00bb\u00bb<\/a><\/p>\n<p>Garc\u00eda Nevado, Elena.\u00a0\u00a0\u00a0 <em>elena.garcia.nevado@upc.edu<\/em>\u00a0\u00a0\u00a0\u00a0\u00a0\u00a0 <span style=\"color: #003300;\"><span style=\"color: #800000;\"><span style=\"color: #000000;\"><a href=\"https:\/\/futur.upc.edu\/ElenaGarciaNevado\">+inf \u00bb<\/a><\/span><\/span><\/span><br \/>\nDoctora Arquitecta. Departament de Tecnologia de l&#8217;Arquitectura(UPC)\u00a0\u00a0 <a href=\"https:\/\/directori.upc.edu\/directori\/dadesPersona.jsp?id=1171188\" target=\"_blank\" rel=\"noopener\">\u00bb\u00bb<\/a><\/p>\n<p>Roset Calzada, Jaime.\u00a0 \u00a0 <em>jaime.roset@upc.edu<\/em>\u00a0 \u00a0 \u00a0 \u00a0<span style=\"color: #003300;\"><span style=\"color: #800000;\"><span style=\"color: #000000;\"><a href=\"https:\/\/futur.upc.edu\/JaimeRosetCalzada\">+inf \u00bb<\/a><\/span><\/span><\/span><br \/>\nDoctor en Ci\u00e8ncies F\u00edsiques. Departament de F\u00edsica (UPC)<\/p>\n<p>Solsona i Pair\u00f3, Xavier.\u00a0\u00a0\u00a0\u00a0 <em>xsp@coac.net<\/em>\u00a0\u00a0\u00a0\u00a0\u00a0\u00a0\u00a0 <span style=\"color: #003300;\"><span style=\"color: #800000;\"><span style=\"color: #000000;\"><a href=\"http:\/\/http:\/\/futur.upc.edu\/FrancescXavierSolsonaPairo\" target=\"_blank\" rel=\"noopener\">+inf \u00bb<\/a><\/span><\/span><\/span><br \/>\nDoctor Arquitecte. Departament de Tecnologia de l&#8217;Arquitectura(UPC)<\/p>\n<p>Garrido Torres, Pablo.\u00a0\u00a0\u00a0\u00a0\u00a0\u00a0 pablo.garrido.torres@upc.edu\u00a0\u00a0\u00a0\u00a0\u00a0\u00a0\u00a0 <span style=\"color: #003300;\"><span style=\"color: #800000;\"><span style=\"color: #000000;\"><a href=\"http:\/\/futur.upc.edu\/PabloGarridoTorres\" target=\"_blank\" rel=\"noopener\">+inf \u00bb<\/a><\/span><\/span><\/span><br \/>\nDoctor Arquitecte. Departament de Tecnologia de l&#8217;Arquitectura(UPC)\u00a0\u00a0 <a href=\"http:\/\/directori.upc.edu\/directori\/dadesPersona.jsp?id=1003212\" target=\"_blank\" rel=\"noopener\">\u00bb\u00bb<\/a><\/p>\n","protected":false},"excerpt":{"rendered":"<p><span style=\"color: #000000;\">Coch Roura, Helena.<\/span> \u00a0\u00a0 <span style=\"color: #800000;\"><em><span style=\"color: #003300;\">\u200bhelena.coch@upc.edu<\/span><\/em>\u00a0\u00a0\u00a0\u00a0\u00a0 <span style=\"color: #000000;\"><a href=\"http:\/\/futur.upc.edu\/HelenaCochRoura\" target=\"_bl...\n<\/p>\n","protected":false},"author":8,"featured_media":0,"parent":0,"menu_order":0,"comment_status":"closed","ping_status":"closed","template":"","meta":{"_monsterinsights_skip_tracking":false,"_monsterinsights_sitenote_active":false,"_monsterinsights_sitenote_note":"","_monsterinsights_sitenote_category":0,"jetpack_post_was_ever_published":false,"footnotes":""},"class_list":["post-35","page","type-page","status-publish","hentry"],"jetpack_sharing_enabled":true,"jetpack_shortlink":"https:\/\/wp.me\/P7oi36-z","jetpack-related-posts":[],"_links":{"self":[{"href":"https:\/\/aie.upc.edu\/maema\/wp-json\/wp\/v2\/pages\/35","targetHints":{"allow":["GET"]}}],"collection":[{"href":"https:\/\/aie.upc.edu\/maema\/wp-json\/wp\/v2\/pages"}],"about":[{"href":"https:\/\/aie.upc.edu\/maema\/wp-json\/wp\/v2\/types\/page"}],"author":[{"embeddable":true,"href":"https:\/\/aie.upc.edu\/maema\/wp-json\/wp\/v2\/users\/8"}],"replies":[{"embeddable":true,"href":"https:\/\/aie.upc.edu\/maema\/wp-json\/wp\/v2\/comments?post=35"}],"version-history":[{"count":112,"href":"https:\/\/aie.upc.edu\/maema\/wp-json\/wp\/v2\/pages\/35\/revisions"}],"predecessor-version":[{"id":1221,"href":"https:\/\/aie.upc.edu\/maema\/wp-json\/wp\/v2\/pages\/35\/revisions\/1221"}],"wp:attachment":[{"href":"https:\/\/aie.upc.edu\/maema\/wp-json\/wp\/v2\/media?parent=35"}],"curies":[{"name":"wp","href":"https:\/\/api.w.org\/{rel}","templated":true}]}}