{"id":7,"date":"2016-03-03T10:52:26","date_gmt":"2016-03-03T10:52:26","guid":{"rendered":"https:\/\/wwwaie.webs.upc.edu\/maema\/?page_id=7"},"modified":"2018-01-11T10:07:56","modified_gmt":"2018-01-11T10:07:56","slug":"admissio","status":"publish","type":"page","link":"https:\/\/aie.upc.edu\/maema\/admissio\/","title":{"rendered":"Admissi\u00f3"},"content":{"rendered":"<h3 id=\"parent-fieldname-title\" class=\"documentFirstHeading\">1. Complir els requisits acad\u00e8mics d&#8217;acc\u00e9s<\/h3>\n<p>Poden accedir a aquests estudis les persones que tinguin un t\u00edtol universitari oficial espanyol o les que tinguin un t\u00edtol universitari oficial, expedit per una universitat de l&#8217;Espai Europeu d&#8217;Educaci\u00f3 Superior, que faculti en el pa\u00eds expedidor per a l&#8217;acc\u00e9s a ensenyaments de m\u00e0ster.<\/p>\n<p>Tamb\u00e9 poden accedir a un m\u00e0ster universitari les persones amb un t\u00edtol expedit per una universitat d&#8217;un pa\u00eds que no formi part de l&#8217;Espai Europeu d&#8217;Educaci\u00f3 Superior, que hagi estat homologat per un t\u00edtol de l&#8217;Estat espanyol que doni acc\u00e9s a un m\u00e0ster universitari. En cas que el t\u00edtol no estigui homologat, caldr\u00e0 la comprovaci\u00f3 pr\u00e8via per part de la Universitat que aquests estudis corresponen a un nivell de formaci\u00f3 equivalent als t\u00edtols universitaris oficials espanyols i que faculten, en el pa\u00eds expedidor, per accedir a estudis de m\u00e0ster.<\/p>\n<p>L&#8217;acc\u00e9s per aquesta via no implica en cap cas l\u2019homologaci\u00f3 del t\u00edtol previ ni el seu reconeixement a cap altre efecte que el de cursar els ensenyaments de m\u00e0ster. Si se superen els estudis, el t\u00edtol de m\u00e0ster obtingut s\u00ed que t\u00e9 plena validesa oficial.<\/p>\n<h3 id=\"parent-fieldname-title\" class=\"documentFirstHeading\">2. Obtenir la Preacceptaci\u00f3 del programa de Master AiEM<\/h3>\n<p>El proc\u00e9s de preacceptaci\u00f3 al programa de m\u00e0ster s&#8217;inicia <strong>durant el mes de Desembre previ al curs acad\u00e8mic pel qual es sol\u00b7licita l&#8217;admissi\u00f3<\/strong>, i es va realitzant a mesura que es reben les sol\u00b7licituds.<strong><br \/> <\/strong><\/p>\n<p>Per obtenir la preacceptaci\u00f3 s&#8217;ha d&#8217;enviar la seg\u00fcent documentaci\u00f3 a master.aem@upc.edu:<\/p>\n<ul>\n<li>Curr\u00edculum acad\u00e8mic i professional resumit<\/li>\n<li>Carta de motivaci\u00f3<\/li>\n<li>Portafoli personal<\/li>\n<li>Prova d&#8217;acc\u00e9s no presencial (descarregar el <a href=\"https:\/\/wwwaie.webs.upc.edu\/maema\/wp-content\/uploads\/2016\/03\/21_pm-1-1.doc\" rel=\"\">fitxer<\/a> per omplenar)<\/li>\n<\/ul>\n<p>En rebre el document de preacceptaci\u00f3, l&#8217;estudiant pot passar a realitzar la preinscripci\u00f3.<\/p>\n<h3>3. Preinscriure&#8217;s en un programa de M\u00e0ster Universitari<\/h3>\n<div class=\"\">\n<div id=\"content\">\n<div id=\"content-core\">\n<div id=\"parent-fieldname-text\" class=\"\">\n<p>Cal consultar al <a href=\"http:\/\/www.upc.edu\/aprendre\/estudis\/calendari-academic\" target=\"_blank\" rel=\"noopener\">calendari acad\u00e8mic de la UPC<\/a> els per\u00edodes de preinscripci\u00f3 als m\u00e0sters universitaris.<\/p>\n<p>Per matricular-te al M\u00e0ster Universitari &#8220;Arquitectura, Energia i Medi Ambient&#8221; impartit per la UPC has d&#8217;accedir a l&#8217;<a href=\"http:\/\/www.upc.edu\/aprendre\/estudis\/masters-universitaris\/acces-i-admissio\/preinscripcio\" target=\"_blank\" rel=\"noopener\">aplicaci\u00f3 de preinscripci\u00f3 de m\u00e0sters universitaris<\/a>:<\/p>\n<p>Aleshores, cal registrar-se a l&#8217;aplicaci\u00f3 fent constar com a nom d&#8217;usuari una adre\u00e7a v\u00e0lida de correu electr\u00f2nic. A continuaci\u00f3, es rep la contrasenya per accedir a l&#8217;aplicaci\u00f3 i introduir la resta de dades.<\/p>\n<p>Un cop introdu\u00efdes les dades, la sol\u00b7licitud queda registrada. Es poden fer canvis a la sol\u00b7licitud fins a la data de tancament del per\u00edode de preinscripci\u00f3, entrant-hi amb el nom d&#8217;usuari (adre\u00e7a v\u00e0lida de correu electr\u00f2nic) i la contrasenya assignada.<\/p>\n<p>Per tal d&#8217;acreditar les dades acad\u00e8miques que donen acc\u00e9s al m\u00e0ster, cal explicar a l&#8217;apartat corresponent de l&#8217;aplicaci\u00f3 de preinscripci\u00f3 quins documents s&#8217;aporten (t\u00edtol oficial,&#8230;) i es poden afegir com arxiu annex.<\/p>\n<p>El dia fixat com a data de resoluci\u00f3, es rebr\u00e0 un correu electr\u00f2nic informant sobre la resoluci\u00f3 de l&#8217;admissi\u00f3 al M\u00e0ster Universitari. Es pot consultar la resoluci\u00f3 a la mateixa aplicaci\u00f3 de preinscripci\u00f3. L&#8217;admissi\u00f3 rebuda ser\u00e0 condicional, fins que es comprovi la veracitat de les dades acad\u00e8miques aportades.<\/p>\n<p>Amb el document d&#8217;admissi\u00f3, l&#8217;estudiantat de fora de la UE pot iniciar els tr\u00e0mits de sol\u00b7licitud dels visats que els permetin l&#8217;estada al nostre pa\u00eds per tal de cursar el programa de M\u00e0ster Universitari.<\/p>\n<p>L&#8217;inici de l&#8217;activitat acad\u00e8mica de cada programa de M\u00e0ster Universitari queda supeditat a l&#8217;exist\u00e8ncia d&#8217;un nombre m\u00ednim d&#8217;estudiants preinscrits.<\/p>\n<h3 class=\"clear\">4. Formalitzar la <a href=\"http:\/\/www.upc.edu\/aprendre\/estudis\/masters-universitaris\/acces-i-admissio\/matricula\" target=\"_blank\" rel=\"noopener\">Matr\u00edcula al M\u00e0ster Universitari<\/a><\/h3>\n<\/div>\n<\/div>\n<div id=\"viewlet-below-content-body\">\n<p>La documentaci\u00f3 a aportar dependr\u00e0 del lloc on s&#8217;hagi obtingut el t\u00edtol o s&#8217;hagin cursat els estudis previs que donen acc\u00e9s al M\u00e0ster Universitari:<\/p>\n<div>\n<p class=\"titular3\">En centres propis de la UPC<\/p>\n<div class=\"llistat\">\n<ul>\n<li><i>Curr\u00edculum Vitae<\/i><\/li>\n<li>Si es t\u00e9 una altra formaci\u00f3 relacionada amb les \u00e0rees de coneixement del M\u00e0ster Universitari que es vol cursar, que sigui diferent de la que hi ha donat acc\u00e9s, cal lliurar la documentaci\u00f3 acreditativa (original i c\u00f2pia o b\u00e9 fotoc\u00f2pia compulsada).<\/li>\n<\/ul>\n<\/div>\n<p class=\"titular3\">En centres adscrits de la UPC o qualsevol altra universitat de l&#8217;Estat espanyol, a m\u00e9s de la documentaci\u00f3 anterior, cal presentar<\/p>\n<div class=\"llistat\">\n<ul>\n<li>Fotoc\u00f2pia del DNI, NIE o passaport.<\/li>\n<li>Original i fotoc\u00f2pia (o fotoc\u00f2pia compulsada) del t\u00edtol que d\u00f3na acc\u00e9s al m\u00e0ster o b\u00e9 el comprovant d&#8217;haver-ne pagat els drets d&#8217;expedici\u00f3.<\/li>\n<li>Original i fotoc\u00f2pia (o fotoc\u00f2pia compulsada) d&#8217;un certificat acad\u00e8mic on constin les assignatures cursades amb les qualificacions i el nombre de cr\u00e8dits\/hores de cadascuna. Aquest certificat tamb\u00e9 ha de reflectir la mitjana global obtinguda per l&#8217;estudiant.<\/li>\n<li>Documentaci\u00f3 espec\u00edfica requerida pel mateix m\u00e0ster.<\/li>\n<\/ul>\n<\/div>\n<p class=\"titular3\">En universitats o institucions estrangeres d&#8217;educaci\u00f3 superior<\/p>\n<div class=\"llistat\">\n<ul>\n<li>Fotoc\u00f2pia del DNI, NIE o passaport.<\/li>\n<li>Original i fotoc\u00f2pia (o fotoc\u00f2pia compulsada) de la credencial d&#8217;homologaci\u00f3 del t\u00edtol que d\u00f3na acc\u00e9s al m\u00e0ster.<\/li>\n<li>Si el t\u00edtol no est\u00e0 homologat, cal original i fotoc\u00f2pia (o fotoc\u00f2pia compulsada) del document em\u00e8s per la universitat o instituci\u00f3 on s&#8217;ha obtingut el t\u00edtol o per l&#8217;autoritat del pa\u00eds competent en la mat\u00e8ria. Aquest document ha d&#8217;acreditar que el t\u00edtol obtingut t\u00e9 una durada de com a m\u00ednim 3 anys i que permet accedir a estudis de postgrau (m\u00e0ster) en aquell pa\u00eds. Si aix\u00f2 no \u00e9s possible, s&#8217;ha d&#8217;indicar a quin nivell superior d&#8217;estudis d\u00f3na acc\u00e9s aquest t\u00edtol.<\/li>\n<li>Original i fotoc\u00f2pia (o fotoc\u00f2pia compulsada) d&#8217;un certificat acad\u00e8mic on constin les assignatures cursades, amb les qualificacions i el nombre de cr\u00e8dits\/hores de cadascuna. Aquest certificat tamb\u00e9 ha de contenir informaci\u00f3 sobre el sistema de qualificacions aplicat.<\/li>\n<li>Si es t\u00e9 una altra formaci\u00f3 relacionada amb les \u00e0rees de coneixement del M\u00e0ster Universitari que es vol cursar, que sigui diferent de la que hi ha donat acc\u00e9s, s&#8217;ha de lliurar la documentaci\u00f3 acreditativa (original i c\u00f2pia o b\u00e9 fotoc\u00f2pia compulsada).<\/li>\n<\/ul>\n<\/div>\n<\/div>\n<\/div>\n<\/div>\n<\/div>\n","protected":false},"excerpt":{"rendered":"<h3 id=\"parent-fieldname-title\" class=\"documentFirstHeading\">1. Complir els requisits acad\u00e8mics d&#8217;acc\u00e9s<\/h3>\n<p>Poden accedir a aquests estudis les persones que tinguin un t\u00edtol universitari oficial espanyol o les que tinguin un t\u00edtol universitari ofi&#8230;<\/p>\n","protected":false},"author":8,"featured_media":0,"parent":0,"menu_order":0,"comment_status":"closed","ping_status":"closed","template":"","meta":{"_monsterinsights_skip_tracking":false,"_monsterinsights_sitenote_active":false,"_monsterinsights_sitenote_note":"","_monsterinsights_sitenote_category":0,"footnotes":""},"class_list":["post-7","page","type-page","status-publish","hentry"],"jetpack_sharing_enabled":true,"jetpack_shortlink":"https:\/\/wp.me\/P7oi36-7","jetpack-related-posts":[],"_links":{"self":[{"href":"https:\/\/aie.upc.edu\/maema\/wp-json\/wp\/v2\/pages\/7","targetHints":{"allow":["GET"]}}],"collection":[{"href":"https:\/\/aie.upc.edu\/maema\/wp-json\/wp\/v2\/pages"}],"about":[{"href":"https:\/\/aie.upc.edu\/maema\/wp-json\/wp\/v2\/types\/page"}],"author":[{"embeddable":true,"href":"https:\/\/aie.upc.edu\/maema\/wp-json\/wp\/v2\/users\/8"}],"replies":[{"embeddable":true,"href":"https:\/\/aie.upc.edu\/maema\/wp-json\/wp\/v2\/comments?post=7"}],"version-history":[{"count":84,"href":"https:\/\/aie.upc.edu\/maema\/wp-json\/wp\/v2\/pages\/7\/revisions"}],"predecessor-version":[{"id":799,"href":"https:\/\/aie.upc.edu\/maema\/wp-json\/wp\/v2\/pages\/7\/revisions\/799"}],"wp:attachment":[{"href":"https:\/\/aie.upc.edu\/maema\/wp-json\/wp\/v2\/media?parent=7"}],"curies":[{"name":"wp","href":"https:\/\/api.w.org\/{rel}","templated":true}]}}